{"id":16,"date":"2016-02-01T12:39:13","date_gmt":"2016-02-01T17:09:13","guid":{"rendered":"https:\/\/frozenoceanfeeds.com\/newlook\/?page_id=16"},"modified":"2023-11-16T19:59:38","modified_gmt":"2023-11-16T23:59:38","slug":"la-compania","status":"publish","type":"page","link":"https:\/\/frozenoceanfeeds.com\/newlook\/es\/la-compania\/","title":{"rendered":"La Compa\u00f1\u00eda"},"content":{"rendered":"\t\t<div data-elementor-type=\"wp-page\" data-elementor-id=\"16\" class=\"elementor elementor-16\">\n\t\t\t\t<div class=\"elementor-element elementor-element-0f32aa9 e-con-full e-flex e-con e-parent\" data-id=\"0f32aa9\" data-element_type=\"container\" data-e-type=\"container\" data-settings=\"{&quot;background_background&quot;:&quot;classic&quot;,&quot;_ob_use_container_extras&quot;:&quot;no&quot;,&quot;_ob_column_hoveranimator&quot;:&quot;no&quot;,&quot;_ob_glider_is_slider&quot;:&quot;no&quot;,&quot;_ob_column_has_pseudo&quot;:&quot;no&quot;}\">\n\t\t\t\t<div class=\"elementor-element elementor-element-365321e eael_simple_menu_hamburger_disable_selected_menu_no eael-simple-menu-hamburger-align-right eael-hamburger--tablet ob-has-background-overlay elementor-widget elementor-widget-eael-simple-menu\" data-id=\"365321e\" data-element_type=\"widget\" data-e-type=\"widget\" data-settings=\"{&quot;_ob_perspektive_use&quot;:&quot;no&quot;,&quot;_ob_poopart_use&quot;:&quot;yes&quot;,&quot;_ob_shadough_use&quot;:&quot;no&quot;,&quot;_ob_allow_hoveranimator&quot;:&quot;no&quot;,&quot;_ob_widget_stalker_use&quot;:&quot;no&quot;}\" data-widget_type=\"eael-simple-menu.default\">\n\t\t\t\t<div class=\"elementor-widget-container\">\n\t\t\t\t\t<style>\n                        @media screen and (max-width: 1024px) {\n                            .eael-hamburger--tablet {\n                                .eael-simple-menu-horizontal,\n                                .eael-simple-menu-vertical {\n                                    display: none;\n                                }\n                            }\n                            .eael-hamburger--tablet {\n                                .eael-simple-menu-container .eael-simple-menu-toggle {\n                                    display: block;\n                                }\n                            }\n                        }\n                    <\/style>            <div data-hamburger-icon=\"&lt;svg aria-hidden=&quot;true&quot; class=&quot;e-font-icon-svg e-fas-bars&quot; viewBox=&quot;0 0 448 512&quot; xmlns=&quot;http:\/\/www.w3.org\/2000\/svg&quot;&gt;&lt;path d=&quot;M16 132h416c8.837 0 16-7.163 16-16V76c0-8.837-7.163-16-16-16H16C7.163 60 0 67.163 0 76v40c0 8.837 7.163 16 16 16zm0 160h416c8.837 0 16-7.163 16-16v-40c0-8.837-7.163-16-16-16H16c-8.837 0-16 7.163-16 16v40c0 8.837 7.163 16 16 16zm0 160h416c8.837 0 16-7.163 16-16v-40c0-8.837-7.163-16-16-16H16c-8.837 0-16 7.163-16 16v40c0 8.837 7.163 16 16 16z&quot;&gt;&lt;\/path&gt;&lt;\/svg&gt;\" data-indicator-icon=\"&lt;svg aria-hidden=&quot;true&quot; class=&quot;e-font-icon-svg e-fas-angle-down&quot; viewBox=&quot;0 0 320 512&quot; xmlns=&quot;http:\/\/www.w3.org\/2000\/svg&quot;&gt;&lt;path d=&quot;M143 352.3L7 216.3c-9.4-9.4-9.4-24.6 0-33.9l22.6-22.6c9.4-9.4 24.6-9.4 33.9 0l96.4 96.4 96.4-96.4c9.4-9.4 24.6-9.4 33.9 0l22.6 22.6c9.4 9.4 9.4 24.6 0 33.9l-136 136c-9.2 9.4-24.4 9.4-33.8 0z&quot;&gt;&lt;\/path&gt;&lt;\/svg&gt;\" data-dropdown-indicator-icon=\"&lt;svg class=&quot;e-font-icon-svg e-fas-angle-down&quot; viewBox=&quot;0 0 320 512&quot; xmlns=&quot;http:\/\/www.w3.org\/2000\/svg&quot;&gt;&lt;path d=&quot;M143 352.3L7 216.3c-9.4-9.4-9.4-24.6 0-33.9l22.6-22.6c9.4-9.4 24.6-9.4 33.9 0l96.4 96.4 96.4-96.4c9.4-9.4 24.6-9.4 33.9 0l22.6 22.6c9.4 9.4 9.4 24.6 0 33.9l-136 136c-9.2 9.4-24.4 9.4-33.8 0z&quot;&gt;&lt;\/path&gt;&lt;\/svg&gt;\" class=\"eael-simple-menu-container eael-simple-menu-align-center eael-simple-menu-dropdown-align-center preset-3\" data-hamburger-breakpoints=\"{&quot;mobile&quot;:&quot;Mobile Portrait (&gt; 767px)&quot;,&quot;tablet&quot;:&quot;Tablet Portrait (&gt; 1024px)&quot;,&quot;desktop&quot;:&quot;Desktop (&gt; 2400px)&quot;,&quot;none&quot;:&quot;None&quot;}\" data-hamburger-device=\"tablet\">\n                <ul id=\"menu-selector\" class=\"eael-simple-menu eael-simple-menu-dropdown-animate-to-top eael-simple-menu-indicator eael-simple-menu-horizontal\"><li id=\"menu-item-2731\" class=\"menu-item menu-item-type-custom menu-item-object-custom menu-item-2731\"><a href=\"#pll_switcher\">Languages<\/a><\/li>\n<\/ul>                <button class=\"eael-simple-menu-toggle\">\n                    <span class=\"sr-only \">Hamburger Toggle Menu<\/span>\n                    <svg aria-hidden=\"true\" class=\"e-font-icon-svg e-fas-bars\" viewBox=\"0 0 448 512\" xmlns=\"http:\/\/www.w3.org\/2000\/svg\"><path d=\"M16 132h416c8.837 0 16-7.163 16-16V76c0-8.837-7.163-16-16-16H16C7.163 60 0 67.163 0 76v40c0 8.837 7.163 16 16 16zm0 160h416c8.837 0 16-7.163 16-16v-40c0-8.837-7.163-16-16-16H16c-8.837 0-16 7.163-16 16v40c0 8.837 7.163 16 16 16zm0 160h416c8.837 0 16-7.163 16-16v-40c0-8.837-7.163-16-16-16H16c-8.837 0-16 7.163-16 16v40c0 8.837 7.163 16 16 16z\"><\/path><\/svg>                <\/button>\n            <\/div>\n            \t\t\t\t<\/div>\n\t\t\t\t<\/div>\n\t\t<div class=\"elementor-element elementor-element-ac7140b e-con-full e-flex e-con e-child\" data-id=\"ac7140b\" data-element_type=\"container\" data-e-type=\"container\" data-settings=\"{&quot;background_background&quot;:&quot;classic&quot;,&quot;_ob_use_container_extras&quot;:&quot;no&quot;,&quot;_ob_column_hoveranimator&quot;:&quot;no&quot;,&quot;_ob_glider_is_slider&quot;:&quot;no&quot;,&quot;_ob_column_has_pseudo&quot;:&quot;no&quot;}\">\n\t\t\t\t<div class=\"elementor-element elementor-element-6740f6c ob-has-background-overlay elementor-widget elementor-widget-image\" data-id=\"6740f6c\" data-element_type=\"widget\" data-e-type=\"widget\" data-settings=\"{&quot;_ob_photomorph_use&quot;:&quot;no&quot;,&quot;_ob_perspektive_use&quot;:&quot;no&quot;,&quot;_ob_poopart_use&quot;:&quot;yes&quot;,&quot;_ob_shadough_use&quot;:&quot;no&quot;,&quot;_ob_allow_hoveranimator&quot;:&quot;no&quot;,&quot;_ob_widget_stalker_use&quot;:&quot;no&quot;}\" data-widget_type=\"image.default\">\n\t\t\t\t<div class=\"elementor-widget-container\">\n\t\t\t\t\t\t\t\t\t\t\t\t\t\t\t<img fetchpriority=\"high\" decoding=\"async\" width=\"1024\" height=\"1024\" src=\"https:\/\/frozenoceanfeeds.com\/newlook\/wp-content\/uploads\/2020\/09\/logo-frozen-ocean.svg\" class=\"attachment-large size-large wp-image-1653\" alt=\"Frozen Ocean\" srcset=\"https:\/\/frozenoceanfeeds.com\/newlook\/wp-content\/uploads\/\/2020\/09\/logo-frozen-ocean.svg 150w, https:\/\/frozenoceanfeeds.com\/newlook\/wp-content\/uploads\/\/2020\/09\/logo-frozen-ocean.svg 300w, https:\/\/frozenoceanfeeds.com\/newlook\/wp-content\/uploads\/\/2020\/09\/logo-frozen-ocean.svg 1024w, https:\/\/frozenoceanfeeds.com\/newlook\/wp-content\/uploads\/\/2020\/09\/logo-frozen-ocean.svg 1536w, https:\/\/frozenoceanfeeds.com\/newlook\/wp-content\/uploads\/\/2020\/09\/logo-frozen-ocean.svg 2048w\" sizes=\"(max-width: 1024px) 100vw, 1024px\" \/>\t\t\t\t\t\t\t\t\t\t\t\t\t\t\t<\/div>\n\t\t\t\t<\/div>\n\t\t\t\t<div class=\"elementor-element elementor-element-4f753d8 ob-harakiri-inherit ob-has-background-overlay elementor-widget elementor-widget-heading\" data-id=\"4f753d8\" data-element_type=\"widget\" data-e-type=\"widget\" data-settings=\"{&quot;_ob_use_harakiri&quot;:&quot;yes&quot;,&quot;_ob_harakiri_writing_mode&quot;:&quot;inherit&quot;,&quot;_ob_harakiri_text_clip&quot;:&quot;none&quot;,&quot;_ob_perspektive_use&quot;:&quot;no&quot;,&quot;_ob_poopart_use&quot;:&quot;yes&quot;,&quot;_ob_shadough_use&quot;:&quot;no&quot;,&quot;_ob_allow_hoveranimator&quot;:&quot;no&quot;,&quot;_ob_widget_stalker_use&quot;:&quot;no&quot;}\" data-widget_type=\"heading.default\">\n\t\t\t\t<div class=\"elementor-widget-container\">\n\t\t\t\t\t<h2 class=\"elementor-heading-title elementor-size-default\">La Compa\u00f1\u00eda<\/h2>\t\t\t\t<\/div>\n\t\t\t\t<\/div>\n\t\t\t\t<div class=\"elementor-element elementor-element-c30a62a ob-has-background-overlay elementor-widget elementor-widget-image\" data-id=\"c30a62a\" data-element_type=\"widget\" data-e-type=\"widget\" data-settings=\"{&quot;_ob_photomorph_use&quot;:&quot;no&quot;,&quot;_ob_perspektive_use&quot;:&quot;no&quot;,&quot;_ob_poopart_use&quot;:&quot;yes&quot;,&quot;_ob_shadough_use&quot;:&quot;no&quot;,&quot;_ob_allow_hoveranimator&quot;:&quot;no&quot;,&quot;_ob_widget_stalker_use&quot;:&quot;no&quot;}\" data-widget_type=\"image.default\">\n\t\t\t\t<div class=\"elementor-widget-container\">\n\t\t\t\t\t\t\t\t\t\t\t\t\t\t\t<img decoding=\"async\" width=\"1024\" height=\"610\" src=\"https:\/\/frozenoceanfeeds.com\/newlook\/wp-content\/uploads\/2022\/09\/3cajas3D_cropped-1024x610.png\" class=\"attachment-large size-large wp-image-2581\" alt=\"\" srcset=\"https:\/\/frozenoceanfeeds.com\/newlook\/wp-content\/uploads\/2022\/09\/3cajas3D_cropped-1024x610.png 1024w, https:\/\/frozenoceanfeeds.com\/newlook\/wp-content\/uploads\/2022\/09\/3cajas3D_cropped-300x179.png 300w, https:\/\/frozenoceanfeeds.com\/newlook\/wp-content\/uploads\/2022\/09\/3cajas3D_cropped-768x457.png 768w, https:\/\/frozenoceanfeeds.com\/newlook\/wp-content\/uploads\/2022\/09\/3cajas3D_cropped-1536x915.png 1536w, https:\/\/frozenoceanfeeds.com\/newlook\/wp-content\/uploads\/2022\/09\/3cajas3D_cropped-2048x1220.png 2048w, https:\/\/frozenoceanfeeds.com\/newlook\/wp-content\/uploads\/2022\/09\/3cajas3D_cropped-1080x643.png 1080w, https:\/\/frozenoceanfeeds.com\/newlook\/wp-content\/uploads\/2022\/09\/3cajas3D_cropped-1280x762.png 1280w, https:\/\/frozenoceanfeeds.com\/newlook\/wp-content\/uploads\/2022\/09\/3cajas3D_cropped-980x584.png 980w, https:\/\/frozenoceanfeeds.com\/newlook\/wp-content\/uploads\/2022\/09\/3cajas3D_cropped-480x286.png 480w\" sizes=\"(max-width: 1024px) 100vw, 1024px\" \/>\t\t\t\t\t\t\t\t\t\t\t\t\t\t\t<\/div>\n\t\t\t\t<\/div>\n\t\t\t\t<\/div>\n\t\t<div class=\"elementor-element elementor-element-1c4557c e-con-full e-flex e-con e-child\" data-id=\"1c4557c\" data-element_type=\"container\" data-e-type=\"container\" data-settings=\"{&quot;background_background&quot;:&quot;classic&quot;,&quot;_ob_use_container_extras&quot;:&quot;no&quot;,&quot;_ob_column_hoveranimator&quot;:&quot;no&quot;,&quot;_ob_glider_is_slider&quot;:&quot;no&quot;,&quot;_ob_column_has_pseudo&quot;:&quot;no&quot;}\">\n\t\t\t\t<div class=\"elementor-element elementor-element-3ff809e ob-harakiri-inherit ob-has-background-overlay elementor-widget elementor-widget-text-editor\" data-id=\"3ff809e\" data-element_type=\"widget\" data-e-type=\"widget\" data-settings=\"{&quot;_ob_use_harakiri&quot;:&quot;yes&quot;,&quot;_ob_harakiri_writing_mode&quot;:&quot;inherit&quot;,&quot;_ob_postman_use&quot;:&quot;no&quot;,&quot;_ob_perspektive_use&quot;:&quot;no&quot;,&quot;_ob_poopart_use&quot;:&quot;yes&quot;,&quot;_ob_shadough_use&quot;:&quot;no&quot;,&quot;_ob_allow_hoveranimator&quot;:&quot;no&quot;,&quot;_ob_widget_stalker_use&quot;:&quot;no&quot;}\" data-widget_type=\"text-editor.default\">\n\t\t\t\t<div class=\"elementor-widget-container\">\n\t\t\t\t\t\t\t\t\t<p>Nuestra empresa fue fundada en 2014 y est\u00e1 especializada en la recolecci\u00f3n, el procesamiento, la esterilizaci\u00f3n, el an\u00e1lisis y el embalaje de productos congelados de alta calidad para uso acu\u00edcola.<\/p><p>Nuestros sitios de cosecha se encuentran en la costa del Pac\u00edfico de los EE.UU. y en el C\u00edrculo Polar \u00c1rtico.<\/p><p>No dude en comunicarse con nosotros a trav\u00e9s del formulario de contacto en este sitio web.<\/p><p>Gracias por su apoyo,<br \/><strong>El Equipo de Frozen Ocean Feeds<\/strong><\/p>\t\t\t\t\t\t\t\t<\/div>\n\t\t\t\t<\/div>\n\t\t\t\t<\/div>\n\t\t<div class=\"elementor-element elementor-element-866bbd3 e-con-full e-flex e-con e-child\" data-id=\"866bbd3\" data-element_type=\"container\" data-e-type=\"container\" data-settings=\"{&quot;background_background&quot;:&quot;classic&quot;,&quot;_ob_use_container_extras&quot;:&quot;no&quot;,&quot;_ob_column_hoveranimator&quot;:&quot;no&quot;,&quot;_ob_glider_is_slider&quot;:&quot;no&quot;,&quot;_ob_column_has_pseudo&quot;:&quot;no&quot;}\">\n\t\t\t\t<\/div>\n\t\t\t\t<\/div>\n\t\t\t\t<\/div>\n\t\t","protected":false},"excerpt":{"rendered":"<p>Languages La Compa\u00f1\u00eda Nuestra empresa fue fundada en 2014 y est\u00e1 especializada en la recolecci\u00f3n, el procesamiento, la esterilizaci\u00f3n, el an\u00e1lisis y el embalaje de productos congelados de alta calidad para uso acu\u00edcola. Nuestros sitios de cosecha se encuentran en la costa del Pac\u00edfico de los EE.UU. y en el C\u00edrculo Polar \u00c1rtico. No dude [&hellip;]<\/p>\n","protected":false},"author":5,"featured_media":2582,"parent":0,"menu_order":0,"comment_status":"closed","ping_status":"closed","template":"elementor_header_footer","meta":{"ocean_post_layout":"","ocean_both_sidebars_style":"","ocean_both_sidebars_content_width":0,"ocean_both_sidebars_sidebars_width":0,"ocean_sidebar":"","ocean_second_sidebar":"","ocean_disable_margins":"enable","ocean_add_body_class":"","ocean_shortcode_before_top_bar":"","ocean_shortcode_after_top_bar":"","ocean_shortcode_before_header":"","ocean_shortcode_after_header":"","ocean_has_shortcode":"","ocean_shortcode_after_title":"","ocean_shortcode_before_footer_widgets":"","ocean_shortcode_after_footer_widgets":"","ocean_shortcode_before_footer_bottom":"","ocean_shortcode_after_footer_bottom":"","ocean_display_top_bar":"off","ocean_display_header":"off","ocean_header_style":"","ocean_center_header_left_menu":"","ocean_custom_header_template":"","ocean_custom_logo":0,"ocean_custom_retina_logo":0,"ocean_custom_logo_max_width":0,"ocean_custom_logo_tablet_max_width":0,"ocean_custom_logo_mobile_max_width":0,"ocean_custom_logo_max_height":0,"ocean_custom_logo_tablet_max_height":0,"ocean_custom_logo_mobile_max_height":0,"ocean_header_custom_menu":"","ocean_menu_typo_font_family":"","ocean_menu_typo_font_subset":"","ocean_menu_typo_font_size":0,"ocean_menu_typo_font_size_tablet":0,"ocean_menu_typo_font_size_mobile":0,"ocean_menu_typo_font_size_unit":"px","ocean_menu_typo_font_weight":"","ocean_menu_typo_font_weight_tablet":"","ocean_menu_typo_font_weight_mobile":"","ocean_menu_typo_transform":"","ocean_menu_typo_transform_tablet":"","ocean_menu_typo_transform_mobile":"","ocean_menu_typo_line_height":0,"ocean_menu_typo_line_height_tablet":0,"ocean_menu_typo_line_height_mobile":0,"ocean_menu_typo_line_height_unit":"","ocean_menu_typo_spacing":0,"ocean_menu_typo_spacing_tablet":0,"ocean_menu_typo_spacing_mobile":0,"ocean_menu_typo_spacing_unit":"","ocean_menu_link_color":"","ocean_menu_link_color_hover":"","ocean_menu_link_color_active":"","ocean_menu_link_background":"","ocean_menu_link_hover_background":"","ocean_menu_link_active_background":"","ocean_menu_social_links_bg":"","ocean_menu_social_hover_links_bg":"","ocean_menu_social_links_color":"","ocean_menu_social_hover_links_color":"","ocean_disable_title":"default","ocean_disable_heading":"default","ocean_post_title":"","ocean_post_subheading":"","ocean_post_title_style":"","ocean_post_title_background_color":"","ocean_post_title_background":0,"ocean_post_title_bg_image_position":"","ocean_post_title_bg_image_attachment":"","ocean_post_title_bg_image_repeat":"","ocean_post_title_bg_image_size":"","ocean_post_title_height":0,"ocean_post_title_bg_overlay":0.5,"ocean_post_title_bg_overlay_color":"","ocean_disable_breadcrumbs":"default","ocean_breadcrumbs_color":"","ocean_breadcrumbs_separator_color":"","ocean_breadcrumbs_links_color":"","ocean_breadcrumbs_links_hover_color":"","ocean_display_footer_widgets":"on","ocean_display_footer_bottom":"off","ocean_custom_footer_template":"2704","omw_enable_modal_window":"enable","footnotes":""},"class_list":["post-16","page","type-page","status-publish","has-post-thumbnail","hentry","entry","has-media"],"yoast_head":"<!-- This site is optimized with the Yoast SEO plugin v27.3 - https:\/\/yoast.com\/product\/yoast-seo-wordpress\/ -->\n<title>La Compa\u00f1\u00eda - Frozen Ocean Feeds<\/title>\n<meta name=\"robots\" content=\"index, follow, max-snippet:-1, max-image-preview:large, max-video-preview:-1\" \/>\n<link rel=\"canonical\" href=\"https:\/\/frozenoceanfeeds.com\/newlook\/es\/la-compania\/\" \/>\n<meta property=\"og:locale\" content=\"en_US\" \/>\n<meta property=\"og:type\" content=\"article\" \/>\n<meta property=\"og:title\" content=\"La Compa\u00f1\u00eda - Frozen Ocean Feeds\" \/>\n<meta property=\"og:description\" content=\"Languages La Compa\u00f1\u00eda Nuestra empresa fue fundada en 2014 y est\u00e1 especializada en la recolecci\u00f3n, el procesamiento, la esterilizaci\u00f3n, el an\u00e1lisis y el embalaje de productos congelados de alta calidad para uso acu\u00edcola. Nuestros sitios de cosecha se encuentran en la costa del Pac\u00edfico de los EE.UU. y en el C\u00edrculo Polar \u00c1rtico. No dude [&hellip;]\" \/>\n<meta property=\"og:url\" content=\"https:\/\/frozenoceanfeeds.com\/newlook\/es\/la-compania\/\" \/>\n<meta property=\"og:site_name\" content=\"Frozen Ocean Feeds\" \/>\n<meta property=\"article:publisher\" content=\"https:\/\/www.facebook.com\/MegasupplyEs\/\" \/>\n<meta property=\"article:modified_time\" content=\"2023-11-16T23:59:38+00:00\" \/>\n<meta property=\"og:image\" content=\"https:\/\/frozenoceanfeeds.com\/newlook\/wp-content\/uploads\/2022\/09\/3cajas3D_cropped-1024x610.png\" \/>\n\t<meta property=\"og:image:width\" content=\"1024\" \/>\n\t<meta property=\"og:image:height\" content=\"610\" \/>\n\t<meta property=\"og:image:type\" content=\"image\/png\" \/>\n<meta name=\"twitter:card\" content=\"summary_large_image\" \/>\n<meta name=\"twitter:label1\" content=\"Est. reading time\" \/>\n\t<meta name=\"twitter:data1\" content=\"1 minute\" \/>\n<script type=\"application\/ld+json\" class=\"yoast-schema-graph\">{\"@context\":\"https:\\\/\\\/schema.org\",\"@graph\":[{\"@type\":\"WebPage\",\"@id\":\"https:\\\/\\\/frozenoceanfeeds.com\\\/newlook\\\/es\\\/la-compania\\\/\",\"url\":\"https:\\\/\\\/frozenoceanfeeds.com\\\/newlook\\\/es\\\/la-compania\\\/\",\"name\":\"La Compa\u00f1\u00eda - Frozen Ocean Feeds\",\"isPartOf\":{\"@id\":\"https:\\\/\\\/frozenoceanfeeds.com\\\/newlook\\\/#website\"},\"primaryImageOfPage\":{\"@id\":\"https:\\\/\\\/frozenoceanfeeds.com\\\/newlook\\\/es\\\/la-compania\\\/#primaryimage\"},\"image\":{\"@id\":\"https:\\\/\\\/frozenoceanfeeds.com\\\/newlook\\\/es\\\/la-compania\\\/#primaryimage\"},\"thumbnailUrl\":\"https:\\\/\\\/frozenoceanfeeds.com\\\/newlook\\\/wp-content\\\/uploads\\\/2022\\\/09\\\/3cajas3D_cropped.png\",\"datePublished\":\"2016-02-01T17:09:13+00:00\",\"dateModified\":\"2023-11-16T23:59:38+00:00\",\"breadcrumb\":{\"@id\":\"https:\\\/\\\/frozenoceanfeeds.com\\\/newlook\\\/es\\\/la-compania\\\/#breadcrumb\"},\"inLanguage\":\"en-US\",\"potentialAction\":[{\"@type\":\"ReadAction\",\"target\":[\"https:\\\/\\\/frozenoceanfeeds.com\\\/newlook\\\/es\\\/la-compania\\\/\"]}]},{\"@type\":\"ImageObject\",\"inLanguage\":\"en-US\",\"@id\":\"https:\\\/\\\/frozenoceanfeeds.com\\\/newlook\\\/es\\\/la-compania\\\/#primaryimage\",\"url\":\"https:\\\/\\\/frozenoceanfeeds.com\\\/newlook\\\/wp-content\\\/uploads\\\/2022\\\/09\\\/3cajas3D_cropped.png\",\"contentUrl\":\"https:\\\/\\\/frozenoceanfeeds.com\\\/newlook\\\/wp-content\\\/uploads\\\/2022\\\/09\\\/3cajas3D_cropped.png\",\"width\":2211,\"height\":1317},{\"@type\":\"BreadcrumbList\",\"@id\":\"https:\\\/\\\/frozenoceanfeeds.com\\\/newlook\\\/es\\\/la-compania\\\/#breadcrumb\",\"itemListElement\":[{\"@type\":\"ListItem\",\"position\":1,\"name\":\"Portada\",\"item\":\"https:\\\/\\\/frozenoceanfeeds.com\\\/newlook\\\/\"},{\"@type\":\"ListItem\",\"position\":2,\"name\":\"La Compa\u00f1\u00eda\"}]},{\"@type\":\"WebSite\",\"@id\":\"https:\\\/\\\/frozenoceanfeeds.com\\\/newlook\\\/#website\",\"url\":\"https:\\\/\\\/frozenoceanfeeds.com\\\/newlook\\\/\",\"name\":\"Frozen Ocean Feeds\",\"description\":\"\",\"publisher\":{\"@id\":\"https:\\\/\\\/frozenoceanfeeds.com\\\/newlook\\\/#organization\"},\"potentialAction\":[{\"@type\":\"SearchAction\",\"target\":{\"@type\":\"EntryPoint\",\"urlTemplate\":\"https:\\\/\\\/frozenoceanfeeds.com\\\/newlook\\\/?s={search_term_string}\"},\"query-input\":{\"@type\":\"PropertyValueSpecification\",\"valueRequired\":true,\"valueName\":\"search_term_string\"}}],\"inLanguage\":\"en-US\"},{\"@type\":\"Organization\",\"@id\":\"https:\\\/\\\/frozenoceanfeeds.com\\\/newlook\\\/#organization\",\"name\":\"Frozen Ocean Feeds\",\"url\":\"https:\\\/\\\/frozenoceanfeeds.com\\\/newlook\\\/\",\"logo\":{\"@type\":\"ImageObject\",\"inLanguage\":\"en-US\",\"@id\":\"https:\\\/\\\/frozenoceanfeeds.com\\\/newlook\\\/#\\\/schema\\\/logo\\\/image\\\/\",\"url\":\"https:\\\/\\\/frozenoceanfeeds.com\\\/newlook\\\/wp-content\\\/uploads\\\/2020\\\/09\\\/logo-frozen-ocean.svg\",\"contentUrl\":\"https:\\\/\\\/frozenoceanfeeds.com\\\/newlook\\\/wp-content\\\/uploads\\\/2020\\\/09\\\/logo-frozen-ocean.svg\",\"width\":980,\"height\":150,\"caption\":\"Frozen Ocean Feeds\"},\"image\":{\"@id\":\"https:\\\/\\\/frozenoceanfeeds.com\\\/newlook\\\/#\\\/schema\\\/logo\\\/image\\\/\"},\"sameAs\":[\"https:\\\/\\\/www.facebook.com\\\/MegasupplyEs\\\/\",\"https:\\\/\\\/www.instagram.com\\\/megasupply_\\\/\"]}]}<\/script>\n<!-- \/ Yoast SEO plugin. -->","yoast_head_json":{"title":"La Compa\u00f1\u00eda - Frozen Ocean Feeds","robots":{"index":"index","follow":"follow","max-snippet":"max-snippet:-1","max-image-preview":"max-image-preview:large","max-video-preview":"max-video-preview:-1"},"canonical":"https:\/\/frozenoceanfeeds.com\/newlook\/es\/la-compania\/","og_locale":"en_US","og_type":"article","og_title":"La Compa\u00f1\u00eda - Frozen Ocean Feeds","og_description":"Languages La Compa\u00f1\u00eda Nuestra empresa fue fundada en 2014 y est\u00e1 especializada en la recolecci\u00f3n, el procesamiento, la esterilizaci\u00f3n, el an\u00e1lisis y el embalaje de productos congelados de alta calidad para uso acu\u00edcola. Nuestros sitios de cosecha se encuentran en la costa del Pac\u00edfico de los EE.UU. y en el C\u00edrculo Polar \u00c1rtico. No dude [&hellip;]","og_url":"https:\/\/frozenoceanfeeds.com\/newlook\/es\/la-compania\/","og_site_name":"Frozen Ocean Feeds","article_publisher":"https:\/\/www.facebook.com\/MegasupplyEs\/","article_modified_time":"2023-11-16T23:59:38+00:00","og_image":[{"width":1024,"height":610,"url":"https:\/\/frozenoceanfeeds.com\/newlook\/wp-content\/uploads\/2022\/09\/3cajas3D_cropped-1024x610.png","type":"image\/png"}],"twitter_card":"summary_large_image","twitter_misc":{"Est. reading time":"1 minute"},"schema":{"@context":"https:\/\/schema.org","@graph":[{"@type":"WebPage","@id":"https:\/\/frozenoceanfeeds.com\/newlook\/es\/la-compania\/","url":"https:\/\/frozenoceanfeeds.com\/newlook\/es\/la-compania\/","name":"La Compa\u00f1\u00eda - Frozen Ocean Feeds","isPartOf":{"@id":"https:\/\/frozenoceanfeeds.com\/newlook\/#website"},"primaryImageOfPage":{"@id":"https:\/\/frozenoceanfeeds.com\/newlook\/es\/la-compania\/#primaryimage"},"image":{"@id":"https:\/\/frozenoceanfeeds.com\/newlook\/es\/la-compania\/#primaryimage"},"thumbnailUrl":"https:\/\/frozenoceanfeeds.com\/newlook\/wp-content\/uploads\/2022\/09\/3cajas3D_cropped.png","datePublished":"2016-02-01T17:09:13+00:00","dateModified":"2023-11-16T23:59:38+00:00","breadcrumb":{"@id":"https:\/\/frozenoceanfeeds.com\/newlook\/es\/la-compania\/#breadcrumb"},"inLanguage":"en-US","potentialAction":[{"@type":"ReadAction","target":["https:\/\/frozenoceanfeeds.com\/newlook\/es\/la-compania\/"]}]},{"@type":"ImageObject","inLanguage":"en-US","@id":"https:\/\/frozenoceanfeeds.com\/newlook\/es\/la-compania\/#primaryimage","url":"https:\/\/frozenoceanfeeds.com\/newlook\/wp-content\/uploads\/2022\/09\/3cajas3D_cropped.png","contentUrl":"https:\/\/frozenoceanfeeds.com\/newlook\/wp-content\/uploads\/2022\/09\/3cajas3D_cropped.png","width":2211,"height":1317},{"@type":"BreadcrumbList","@id":"https:\/\/frozenoceanfeeds.com\/newlook\/es\/la-compania\/#breadcrumb","itemListElement":[{"@type":"ListItem","position":1,"name":"Portada","item":"https:\/\/frozenoceanfeeds.com\/newlook\/"},{"@type":"ListItem","position":2,"name":"La Compa\u00f1\u00eda"}]},{"@type":"WebSite","@id":"https:\/\/frozenoceanfeeds.com\/newlook\/#website","url":"https:\/\/frozenoceanfeeds.com\/newlook\/","name":"Frozen Ocean Feeds","description":"","publisher":{"@id":"https:\/\/frozenoceanfeeds.com\/newlook\/#organization"},"potentialAction":[{"@type":"SearchAction","target":{"@type":"EntryPoint","urlTemplate":"https:\/\/frozenoceanfeeds.com\/newlook\/?s={search_term_string}"},"query-input":{"@type":"PropertyValueSpecification","valueRequired":true,"valueName":"search_term_string"}}],"inLanguage":"en-US"},{"@type":"Organization","@id":"https:\/\/frozenoceanfeeds.com\/newlook\/#organization","name":"Frozen Ocean Feeds","url":"https:\/\/frozenoceanfeeds.com\/newlook\/","logo":{"@type":"ImageObject","inLanguage":"en-US","@id":"https:\/\/frozenoceanfeeds.com\/newlook\/#\/schema\/logo\/image\/","url":"https:\/\/frozenoceanfeeds.com\/newlook\/wp-content\/uploads\/2020\/09\/logo-frozen-ocean.svg","contentUrl":"https:\/\/frozenoceanfeeds.com\/newlook\/wp-content\/uploads\/2020\/09\/logo-frozen-ocean.svg","width":980,"height":150,"caption":"Frozen Ocean Feeds"},"image":{"@id":"https:\/\/frozenoceanfeeds.com\/newlook\/#\/schema\/logo\/image\/"},"sameAs":["https:\/\/www.facebook.com\/MegasupplyEs\/","https:\/\/www.instagram.com\/megasupply_\/"]}]}},"_links":{"self":[{"href":"https:\/\/frozenoceanfeeds.com\/newlook\/wp-json\/wp\/v2\/pages\/16","targetHints":{"allow":["GET"]}}],"collection":[{"href":"https:\/\/frozenoceanfeeds.com\/newlook\/wp-json\/wp\/v2\/pages"}],"about":[{"href":"https:\/\/frozenoceanfeeds.com\/newlook\/wp-json\/wp\/v2\/types\/page"}],"author":[{"embeddable":true,"href":"https:\/\/frozenoceanfeeds.com\/newlook\/wp-json\/wp\/v2\/users\/5"}],"replies":[{"embeddable":true,"href":"https:\/\/frozenoceanfeeds.com\/newlook\/wp-json\/wp\/v2\/comments?post=16"}],"version-history":[{"count":5,"href":"https:\/\/frozenoceanfeeds.com\/newlook\/wp-json\/wp\/v2\/pages\/16\/revisions"}],"predecessor-version":[{"id":3406,"href":"https:\/\/frozenoceanfeeds.com\/newlook\/wp-json\/wp\/v2\/pages\/16\/revisions\/3406"}],"wp:featuredmedia":[{"embeddable":true,"href":"https:\/\/frozenoceanfeeds.com\/newlook\/wp-json\/wp\/v2\/media\/2582"}],"wp:attachment":[{"href":"https:\/\/frozenoceanfeeds.com\/newlook\/wp-json\/wp\/v2\/media?parent=16"}],"curies":[{"name":"wp","href":"https:\/\/api.w.org\/{rel}","templated":true}]}}