{"id":1686,"date":"2020-09-23T16:37:09","date_gmt":"2020-09-23T20:37:09","guid":{"rendered":"https:\/\/frozenoceanfeeds.com\/newlook\/?page_id=1686"},"modified":"2023-11-22T11:35:11","modified_gmt":"2023-11-22T15:35:11","slug":"distribuidores","status":"publish","type":"page","link":"https:\/\/frozenoceanfeeds.com\/newlook\/es\/distribuidores\/","title":{"rendered":"Distribuidores"},"content":{"rendered":"\t\t<div data-elementor-type=\"wp-page\" data-elementor-id=\"1686\" class=\"elementor elementor-1686\">\n\t\t\t\t<div class=\"elementor-element elementor-element-6642b49 e-con-full e-flex e-con e-parent\" data-id=\"6642b49\" data-element_type=\"container\" data-e-type=\"container\" data-settings=\"{&quot;background_background&quot;:&quot;classic&quot;,&quot;_ob_use_container_extras&quot;:&quot;no&quot;,&quot;_ob_column_hoveranimator&quot;:&quot;no&quot;,&quot;_ob_glider_is_slider&quot;:&quot;no&quot;,&quot;_ob_column_has_pseudo&quot;:&quot;no&quot;}\">\n\t\t\t\t<div class=\"elementor-element elementor-element-1b251e9 eael_simple_menu_hamburger_disable_selected_menu_no eael-simple-menu-hamburger-align-right eael-hamburger--tablet ob-has-background-overlay elementor-widget elementor-widget-eael-simple-menu\" data-id=\"1b251e9\" data-element_type=\"widget\" data-e-type=\"widget\" data-settings=\"{&quot;_ob_perspektive_use&quot;:&quot;no&quot;,&quot;_ob_poopart_use&quot;:&quot;yes&quot;,&quot;_ob_shadough_use&quot;:&quot;no&quot;,&quot;_ob_allow_hoveranimator&quot;:&quot;no&quot;,&quot;_ob_widget_stalker_use&quot;:&quot;no&quot;}\" data-widget_type=\"eael-simple-menu.default\">\n\t\t\t\t<div class=\"elementor-widget-container\">\n\t\t\t\t\t<style>\n                        @media screen and (max-width: 1024px) {\n                            .eael-hamburger--tablet {\n                                .eael-simple-menu-horizontal,\n                                .eael-simple-menu-vertical {\n                                    display: none;\n                                }\n                            }\n                            .eael-hamburger--tablet {\n                                .eael-simple-menu-container .eael-simple-menu-toggle {\n                                    display: block;\n                                }\n                            }\n                        }\n                    <\/style>            <div data-hamburger-icon=\"&lt;svg aria-hidden=&quot;true&quot; class=&quot;e-font-icon-svg e-fas-bars&quot; viewBox=&quot;0 0 448 512&quot; xmlns=&quot;http:\/\/www.w3.org\/2000\/svg&quot;&gt;&lt;path d=&quot;M16 132h416c8.837 0 16-7.163 16-16V76c0-8.837-7.163-16-16-16H16C7.163 60 0 67.163 0 76v40c0 8.837 7.163 16 16 16zm0 160h416c8.837 0 16-7.163 16-16v-40c0-8.837-7.163-16-16-16H16c-8.837 0-16 7.163-16 16v40c0 8.837 7.163 16 16 16zm0 160h416c8.837 0 16-7.163 16-16v-40c0-8.837-7.163-16-16-16H16c-8.837 0-16 7.163-16 16v40c0 8.837 7.163 16 16 16z&quot;&gt;&lt;\/path&gt;&lt;\/svg&gt;\" data-indicator-icon=\"&lt;svg aria-hidden=&quot;true&quot; class=&quot;e-font-icon-svg e-fas-angle-down&quot; viewBox=&quot;0 0 320 512&quot; xmlns=&quot;http:\/\/www.w3.org\/2000\/svg&quot;&gt;&lt;path d=&quot;M143 352.3L7 216.3c-9.4-9.4-9.4-24.6 0-33.9l22.6-22.6c9.4-9.4 24.6-9.4 33.9 0l96.4 96.4 96.4-96.4c9.4-9.4 24.6-9.4 33.9 0l22.6 22.6c9.4 9.4 9.4 24.6 0 33.9l-136 136c-9.2 9.4-24.4 9.4-33.8 0z&quot;&gt;&lt;\/path&gt;&lt;\/svg&gt;\" data-dropdown-indicator-icon=\"&lt;svg class=&quot;e-font-icon-svg e-fas-angle-down&quot; viewBox=&quot;0 0 320 512&quot; xmlns=&quot;http:\/\/www.w3.org\/2000\/svg&quot;&gt;&lt;path d=&quot;M143 352.3L7 216.3c-9.4-9.4-9.4-24.6 0-33.9l22.6-22.6c9.4-9.4 24.6-9.4 33.9 0l96.4 96.4 96.4-96.4c9.4-9.4 24.6-9.4 33.9 0l22.6 22.6c9.4 9.4 9.4 24.6 0 33.9l-136 136c-9.2 9.4-24.4 9.4-33.8 0z&quot;&gt;&lt;\/path&gt;&lt;\/svg&gt;\" class=\"eael-simple-menu-container eael-simple-menu-align-center eael-simple-menu-dropdown-align-center preset-3\" data-hamburger-breakpoints=\"{&quot;mobile&quot;:&quot;Mobile Portrait (&gt; 767px)&quot;,&quot;tablet&quot;:&quot;Tablet Portrait (&gt; 1024px)&quot;,&quot;desktop&quot;:&quot;Desktop (&gt; 2400px)&quot;,&quot;none&quot;:&quot;None&quot;}\" data-hamburger-device=\"tablet\">\n                <ul id=\"menu-selector\" class=\"eael-simple-menu eael-simple-menu-dropdown-animate-to-top eael-simple-menu-indicator eael-simple-menu-horizontal\"><li id=\"menu-item-2731\" class=\"menu-item menu-item-type-custom menu-item-object-custom menu-item-2731\"><a href=\"#pll_switcher\">Languages<\/a><\/li>\n<\/ul>                <button class=\"eael-simple-menu-toggle\">\n                    <span class=\"sr-only \">Hamburger Toggle Menu<\/span>\n                    <svg aria-hidden=\"true\" class=\"e-font-icon-svg e-fas-bars\" viewBox=\"0 0 448 512\" xmlns=\"http:\/\/www.w3.org\/2000\/svg\"><path d=\"M16 132h416c8.837 0 16-7.163 16-16V76c0-8.837-7.163-16-16-16H16C7.163 60 0 67.163 0 76v40c0 8.837 7.163 16 16 16zm0 160h416c8.837 0 16-7.163 16-16v-40c0-8.837-7.163-16-16-16H16c-8.837 0-16 7.163-16 16v40c0 8.837 7.163 16 16 16zm0 160h416c8.837 0 16-7.163 16-16v-40c0-8.837-7.163-16-16-16H16c-8.837 0-16 7.163-16 16v40c0 8.837 7.163 16 16 16z\"><\/path><\/svg>                <\/button>\n            <\/div>\n            \t\t\t\t<\/div>\n\t\t\t\t<\/div>\n\t\t<div class=\"elementor-element elementor-element-e31d2c0 e-con-full e-flex e-con e-child\" data-id=\"e31d2c0\" data-element_type=\"container\" data-e-type=\"container\" data-settings=\"{&quot;background_background&quot;:&quot;classic&quot;,&quot;_ob_use_container_extras&quot;:&quot;no&quot;,&quot;_ob_column_hoveranimator&quot;:&quot;no&quot;,&quot;_ob_glider_is_slider&quot;:&quot;no&quot;,&quot;_ob_column_has_pseudo&quot;:&quot;no&quot;}\">\n\t\t\t\t<div class=\"elementor-element elementor-element-84de4d8 ob-has-background-overlay elementor-widget elementor-widget-image\" data-id=\"84de4d8\" data-element_type=\"widget\" data-e-type=\"widget\" data-settings=\"{&quot;_ob_photomorph_use&quot;:&quot;no&quot;,&quot;_ob_perspektive_use&quot;:&quot;no&quot;,&quot;_ob_poopart_use&quot;:&quot;yes&quot;,&quot;_ob_shadough_use&quot;:&quot;no&quot;,&quot;_ob_allow_hoveranimator&quot;:&quot;no&quot;,&quot;_ob_widget_stalker_use&quot;:&quot;no&quot;}\" data-widget_type=\"image.default\">\n\t\t\t\t<div class=\"elementor-widget-container\">\n\t\t\t\t\t\t\t\t\t\t\t\t\t\t\t<img fetchpriority=\"high\" decoding=\"async\" width=\"1024\" height=\"1024\" src=\"https:\/\/frozenoceanfeeds.com\/newlook\/wp-content\/uploads\/2020\/09\/logo-frozen-ocean.svg\" class=\"attachment-large size-large wp-image-1653\" alt=\"Frozen Ocean\" srcset=\"https:\/\/frozenoceanfeeds.com\/newlook\/wp-content\/uploads\/\/2020\/09\/logo-frozen-ocean.svg 150w, https:\/\/frozenoceanfeeds.com\/newlook\/wp-content\/uploads\/\/2020\/09\/logo-frozen-ocean.svg 300w, https:\/\/frozenoceanfeeds.com\/newlook\/wp-content\/uploads\/\/2020\/09\/logo-frozen-ocean.svg 1024w, https:\/\/frozenoceanfeeds.com\/newlook\/wp-content\/uploads\/\/2020\/09\/logo-frozen-ocean.svg 1536w, https:\/\/frozenoceanfeeds.com\/newlook\/wp-content\/uploads\/\/2020\/09\/logo-frozen-ocean.svg 2048w\" sizes=\"(max-width: 1024px) 100vw, 1024px\" \/>\t\t\t\t\t\t\t\t\t\t\t\t\t\t\t<\/div>\n\t\t\t\t<\/div>\n\t\t\t\t<div class=\"elementor-element elementor-element-a420faa ob-harakiri-inherit ob-has-background-overlay elementor-widget elementor-widget-heading\" data-id=\"a420faa\" data-element_type=\"widget\" data-e-type=\"widget\" data-settings=\"{&quot;_ob_use_harakiri&quot;:&quot;yes&quot;,&quot;_ob_harakiri_writing_mode&quot;:&quot;inherit&quot;,&quot;_ob_harakiri_text_clip&quot;:&quot;none&quot;,&quot;_ob_perspektive_use&quot;:&quot;no&quot;,&quot;_ob_poopart_use&quot;:&quot;yes&quot;,&quot;_ob_shadough_use&quot;:&quot;no&quot;,&quot;_ob_allow_hoveranimator&quot;:&quot;no&quot;,&quot;_ob_widget_stalker_use&quot;:&quot;no&quot;}\" data-widget_type=\"heading.default\">\n\t\t\t\t<div class=\"elementor-widget-container\">\n\t\t\t\t\t<h2 class=\"elementor-heading-title elementor-size-default\">Distribuidores<\/h2>\t\t\t\t<\/div>\n\t\t\t\t<\/div>\n\t\t\t\t<\/div>\n\t\t<div class=\"elementor-element elementor-element-551c97a e-con-full e-flex e-con e-child\" data-id=\"551c97a\" data-element_type=\"container\" data-e-type=\"container\" data-settings=\"{&quot;background_background&quot;:&quot;classic&quot;,&quot;_ob_use_container_extras&quot;:&quot;no&quot;,&quot;_ob_column_hoveranimator&quot;:&quot;no&quot;,&quot;_ob_glider_is_slider&quot;:&quot;no&quot;,&quot;_ob_column_has_pseudo&quot;:&quot;no&quot;}\">\n\t\t\t\t<div class=\"elementor-element elementor-element-e63ed2e ob-has-background-overlay elementor-widget elementor-widget-shortcode\" data-id=\"e63ed2e\" data-element_type=\"widget\" data-e-type=\"widget\" data-settings=\"{&quot;_ob_perspektive_use&quot;:&quot;no&quot;,&quot;_ob_poopart_use&quot;:&quot;yes&quot;,&quot;_ob_shadough_use&quot;:&quot;no&quot;,&quot;_ob_allow_hoveranimator&quot;:&quot;no&quot;,&quot;_ob_widget_stalker_use&quot;:&quot;no&quot;}\" data-widget_type=\"shortcode.default\">\n\t\t\t\t<div class=\"elementor-widget-container\">\n\t\t\t\t\t\t\t<div class=\"elementor-shortcode\"><p><iframe src=\"https:\/\/www.google.com\/maps\/d\/u\/0\/embed?mid=1r9KkxFq7nUfgYdCew6IwUPr7x2zGbaY&#038;ehbc=2E312F&#038;noprof=1&#038;z=2\" width=\"640\" height=\"480\"><\/iframe><\/p>\n<\/div>\n\t\t\t\t\t\t<\/div>\n\t\t\t\t<\/div>\n\t\t\t\t<\/div>\n\t\t<div class=\"elementor-element elementor-element-89dc7be e-con-full e-flex e-con e-child\" data-id=\"89dc7be\" data-element_type=\"container\" data-e-type=\"container\" data-settings=\"{&quot;background_background&quot;:&quot;classic&quot;,&quot;_ob_use_container_extras&quot;:&quot;no&quot;,&quot;_ob_column_hoveranimator&quot;:&quot;no&quot;,&quot;_ob_glider_is_slider&quot;:&quot;no&quot;,&quot;_ob_column_has_pseudo&quot;:&quot;no&quot;}\">\n\t\t\t\t<\/div>\n\t\t\t\t<\/div>\n\t\t\t\t<\/div>\n\t\t","protected":false},"excerpt":{"rendered":"<p>Distribuimos nuestros productos en Am\u00e9rica Latina, Norte Am\u00e9rica , Centro Am\u00e9rica, Ecuador, Europa, Asia, \u00c1frica y Ocean\u00eda<\/p>\n","protected":false},"author":5,"featured_media":0,"parent":0,"menu_order":0,"comment_status":"closed","ping_status":"closed","template":"elementor_header_footer","meta":{"ocean_post_layout":"","ocean_both_sidebars_style":"","ocean_both_sidebars_content_width":0,"ocean_both_sidebars_sidebars_width":0,"ocean_sidebar":"","ocean_second_sidebar":"","ocean_disable_margins":"enable","ocean_add_body_class":"","ocean_shortcode_before_top_bar":"","ocean_shortcode_after_top_bar":"","ocean_shortcode_before_header":"","ocean_shortcode_after_header":"","ocean_has_shortcode":"","ocean_shortcode_after_title":"","ocean_shortcode_before_footer_widgets":"","ocean_shortcode_after_footer_widgets":"","ocean_shortcode_before_footer_bottom":"","ocean_shortcode_after_footer_bottom":"","ocean_display_top_bar":"off","ocean_display_header":"off","ocean_header_style":"","ocean_center_header_left_menu":"","ocean_custom_header_template":"","ocean_custom_logo":0,"ocean_custom_retina_logo":0,"ocean_custom_logo_max_width":0,"ocean_custom_logo_tablet_max_width":0,"ocean_custom_logo_mobile_max_width":0,"ocean_custom_logo_max_height":0,"ocean_custom_logo_tablet_max_height":0,"ocean_custom_logo_mobile_max_height":0,"ocean_header_custom_menu":"","ocean_menu_typo_font_family":"","ocean_menu_typo_font_subset":"","ocean_menu_typo_font_size":0,"ocean_menu_typo_font_size_tablet":0,"ocean_menu_typo_font_size_mobile":0,"ocean_menu_typo_font_size_unit":"px","ocean_menu_typo_font_weight":"","ocean_menu_typo_font_weight_tablet":"","ocean_menu_typo_font_weight_mobile":"","ocean_menu_typo_transform":"","ocean_menu_typo_transform_tablet":"","ocean_menu_typo_transform_mobile":"","ocean_menu_typo_line_height":0,"ocean_menu_typo_line_height_tablet":0,"ocean_menu_typo_line_height_mobile":0,"ocean_menu_typo_line_height_unit":"","ocean_menu_typo_spacing":0,"ocean_menu_typo_spacing_tablet":0,"ocean_menu_typo_spacing_mobile":0,"ocean_menu_typo_spacing_unit":"","ocean_menu_link_color":"","ocean_menu_link_color_hover":"","ocean_menu_link_color_active":"","ocean_menu_link_background":"","ocean_menu_link_hover_background":"","ocean_menu_link_active_background":"","ocean_menu_social_links_bg":"","ocean_menu_social_hover_links_bg":"","ocean_menu_social_links_color":"","ocean_menu_social_hover_links_color":"","ocean_disable_title":"default","ocean_disable_heading":"default","ocean_post_title":"","ocean_post_subheading":"","ocean_post_title_style":"","ocean_post_title_background_color":"","ocean_post_title_background":0,"ocean_post_title_bg_image_position":"","ocean_post_title_bg_image_attachment":"","ocean_post_title_bg_image_repeat":"","ocean_post_title_bg_image_size":"","ocean_post_title_height":0,"ocean_post_title_bg_overlay":0.5,"ocean_post_title_bg_overlay_color":"","ocean_disable_breadcrumbs":"default","ocean_breadcrumbs_color":"","ocean_breadcrumbs_separator_color":"","ocean_breadcrumbs_links_color":"","ocean_breadcrumbs_links_hover_color":"","ocean_display_footer_widgets":"on","ocean_display_footer_bottom":"off","ocean_custom_footer_template":"2704","omw_enable_modal_window":"enable","footnotes":""},"class_list":["post-1686","page","type-page","status-publish","hentry","entry"],"yoast_head":"<!-- This site is optimized with the Yoast SEO plugin v27.3 - https:\/\/yoast.com\/product\/yoast-seo-wordpress\/ -->\n<title>Distribuidores - Frozen Ocean Feeds<\/title>\n<meta name=\"robots\" content=\"index, follow, max-snippet:-1, max-image-preview:large, max-video-preview:-1\" \/>\n<link rel=\"canonical\" href=\"https:\/\/frozenoceanfeeds.com\/newlook\/es\/distribuidores\/\" \/>\n<meta property=\"og:locale\" content=\"en_US\" \/>\n<meta property=\"og:type\" content=\"article\" \/>\n<meta property=\"og:title\" content=\"Distribuidores - Frozen Ocean Feeds\" \/>\n<meta property=\"og:description\" content=\"Distribuimos nuestros productos en Am\u00e9rica Latina, Norte Am\u00e9rica , Centro Am\u00e9rica, Ecuador, Europa, Asia, \u00c1frica y Ocean\u00eda\" \/>\n<meta property=\"og:url\" content=\"https:\/\/frozenoceanfeeds.com\/newlook\/es\/distribuidores\/\" \/>\n<meta property=\"og:site_name\" content=\"Frozen Ocean Feeds\" \/>\n<meta property=\"article:publisher\" content=\"https:\/\/www.facebook.com\/MegasupplyEs\/\" \/>\n<meta property=\"article:modified_time\" content=\"2023-11-22T15:35:11+00:00\" \/>\n<meta property=\"og:image\" content=\"https:\/\/frozenoceanfeeds.com\/newlook\/wp-content\/uploads\/2020\/09\/logo-frozen-ocean.svg\" \/>\n<meta name=\"twitter:card\" content=\"summary_large_image\" \/>\n<meta name=\"twitter:label1\" content=\"Est. reading time\" \/>\n\t<meta name=\"twitter:data1\" content=\"1 minute\" \/>\n<script type=\"application\/ld+json\" class=\"yoast-schema-graph\">{\"@context\":\"https:\\\/\\\/schema.org\",\"@graph\":[{\"@type\":\"WebPage\",\"@id\":\"https:\\\/\\\/frozenoceanfeeds.com\\\/newlook\\\/es\\\/distribuidores\\\/\",\"url\":\"https:\\\/\\\/frozenoceanfeeds.com\\\/newlook\\\/es\\\/distribuidores\\\/\",\"name\":\"Distribuidores - Frozen Ocean Feeds\",\"isPartOf\":{\"@id\":\"https:\\\/\\\/frozenoceanfeeds.com\\\/newlook\\\/#website\"},\"primaryImageOfPage\":{\"@id\":\"https:\\\/\\\/frozenoceanfeeds.com\\\/newlook\\\/es\\\/distribuidores\\\/#primaryimage\"},\"image\":{\"@id\":\"https:\\\/\\\/frozenoceanfeeds.com\\\/newlook\\\/es\\\/distribuidores\\\/#primaryimage\"},\"thumbnailUrl\":\"https:\\\/\\\/frozenoceanfeeds.com\\\/newlook\\\/wp-content\\\/uploads\\\/2020\\\/09\\\/logo-frozen-ocean.svg\",\"datePublished\":\"2020-09-23T20:37:09+00:00\",\"dateModified\":\"2023-11-22T15:35:11+00:00\",\"breadcrumb\":{\"@id\":\"https:\\\/\\\/frozenoceanfeeds.com\\\/newlook\\\/es\\\/distribuidores\\\/#breadcrumb\"},\"inLanguage\":\"en-US\",\"potentialAction\":[{\"@type\":\"ReadAction\",\"target\":[\"https:\\\/\\\/frozenoceanfeeds.com\\\/newlook\\\/es\\\/distribuidores\\\/\"]}]},{\"@type\":\"ImageObject\",\"inLanguage\":\"en-US\",\"@id\":\"https:\\\/\\\/frozenoceanfeeds.com\\\/newlook\\\/es\\\/distribuidores\\\/#primaryimage\",\"url\":\"https:\\\/\\\/frozenoceanfeeds.com\\\/newlook\\\/wp-content\\\/uploads\\\/2020\\\/09\\\/logo-frozen-ocean.svg\",\"contentUrl\":\"https:\\\/\\\/frozenoceanfeeds.com\\\/newlook\\\/wp-content\\\/uploads\\\/2020\\\/09\\\/logo-frozen-ocean.svg\",\"width\":980,\"height\":150,\"caption\":\"Frozen Ocean\"},{\"@type\":\"BreadcrumbList\",\"@id\":\"https:\\\/\\\/frozenoceanfeeds.com\\\/newlook\\\/es\\\/distribuidores\\\/#breadcrumb\",\"itemListElement\":[{\"@type\":\"ListItem\",\"position\":1,\"name\":\"Portada\",\"item\":\"https:\\\/\\\/frozenoceanfeeds.com\\\/newlook\\\/\"},{\"@type\":\"ListItem\",\"position\":2,\"name\":\"Distribuidores\"}]},{\"@type\":\"WebSite\",\"@id\":\"https:\\\/\\\/frozenoceanfeeds.com\\\/newlook\\\/#website\",\"url\":\"https:\\\/\\\/frozenoceanfeeds.com\\\/newlook\\\/\",\"name\":\"Frozen Ocean Feeds\",\"description\":\"\",\"publisher\":{\"@id\":\"https:\\\/\\\/frozenoceanfeeds.com\\\/newlook\\\/#organization\"},\"potentialAction\":[{\"@type\":\"SearchAction\",\"target\":{\"@type\":\"EntryPoint\",\"urlTemplate\":\"https:\\\/\\\/frozenoceanfeeds.com\\\/newlook\\\/?s={search_term_string}\"},\"query-input\":{\"@type\":\"PropertyValueSpecification\",\"valueRequired\":true,\"valueName\":\"search_term_string\"}}],\"inLanguage\":\"en-US\"},{\"@type\":\"Organization\",\"@id\":\"https:\\\/\\\/frozenoceanfeeds.com\\\/newlook\\\/#organization\",\"name\":\"Frozen Ocean Feeds\",\"url\":\"https:\\\/\\\/frozenoceanfeeds.com\\\/newlook\\\/\",\"logo\":{\"@type\":\"ImageObject\",\"inLanguage\":\"en-US\",\"@id\":\"https:\\\/\\\/frozenoceanfeeds.com\\\/newlook\\\/#\\\/schema\\\/logo\\\/image\\\/\",\"url\":\"https:\\\/\\\/frozenoceanfeeds.com\\\/newlook\\\/wp-content\\\/uploads\\\/2020\\\/09\\\/logo-frozen-ocean.svg\",\"contentUrl\":\"https:\\\/\\\/frozenoceanfeeds.com\\\/newlook\\\/wp-content\\\/uploads\\\/2020\\\/09\\\/logo-frozen-ocean.svg\",\"width\":980,\"height\":150,\"caption\":\"Frozen Ocean Feeds\"},\"image\":{\"@id\":\"https:\\\/\\\/frozenoceanfeeds.com\\\/newlook\\\/#\\\/schema\\\/logo\\\/image\\\/\"},\"sameAs\":[\"https:\\\/\\\/www.facebook.com\\\/MegasupplyEs\\\/\",\"https:\\\/\\\/www.instagram.com\\\/megasupply_\\\/\"]}]}<\/script>\n<!-- \/ Yoast SEO plugin. -->","yoast_head_json":{"title":"Distribuidores - Frozen Ocean Feeds","robots":{"index":"index","follow":"follow","max-snippet":"max-snippet:-1","max-image-preview":"max-image-preview:large","max-video-preview":"max-video-preview:-1"},"canonical":"https:\/\/frozenoceanfeeds.com\/newlook\/es\/distribuidores\/","og_locale":"en_US","og_type":"article","og_title":"Distribuidores - Frozen Ocean Feeds","og_description":"Distribuimos nuestros productos en Am\u00e9rica Latina, Norte Am\u00e9rica , Centro Am\u00e9rica, Ecuador, Europa, Asia, \u00c1frica y Ocean\u00eda","og_url":"https:\/\/frozenoceanfeeds.com\/newlook\/es\/distribuidores\/","og_site_name":"Frozen Ocean Feeds","article_publisher":"https:\/\/www.facebook.com\/MegasupplyEs\/","article_modified_time":"2023-11-22T15:35:11+00:00","og_image":[{"url":"https:\/\/frozenoceanfeeds.com\/newlook\/wp-content\/uploads\/2020\/09\/logo-frozen-ocean.svg","type":"","width":"","height":""}],"twitter_card":"summary_large_image","twitter_misc":{"Est. reading time":"1 minute"},"schema":{"@context":"https:\/\/schema.org","@graph":[{"@type":"WebPage","@id":"https:\/\/frozenoceanfeeds.com\/newlook\/es\/distribuidores\/","url":"https:\/\/frozenoceanfeeds.com\/newlook\/es\/distribuidores\/","name":"Distribuidores - Frozen Ocean Feeds","isPartOf":{"@id":"https:\/\/frozenoceanfeeds.com\/newlook\/#website"},"primaryImageOfPage":{"@id":"https:\/\/frozenoceanfeeds.com\/newlook\/es\/distribuidores\/#primaryimage"},"image":{"@id":"https:\/\/frozenoceanfeeds.com\/newlook\/es\/distribuidores\/#primaryimage"},"thumbnailUrl":"https:\/\/frozenoceanfeeds.com\/newlook\/wp-content\/uploads\/2020\/09\/logo-frozen-ocean.svg","datePublished":"2020-09-23T20:37:09+00:00","dateModified":"2023-11-22T15:35:11+00:00","breadcrumb":{"@id":"https:\/\/frozenoceanfeeds.com\/newlook\/es\/distribuidores\/#breadcrumb"},"inLanguage":"en-US","potentialAction":[{"@type":"ReadAction","target":["https:\/\/frozenoceanfeeds.com\/newlook\/es\/distribuidores\/"]}]},{"@type":"ImageObject","inLanguage":"en-US","@id":"https:\/\/frozenoceanfeeds.com\/newlook\/es\/distribuidores\/#primaryimage","url":"https:\/\/frozenoceanfeeds.com\/newlook\/wp-content\/uploads\/2020\/09\/logo-frozen-ocean.svg","contentUrl":"https:\/\/frozenoceanfeeds.com\/newlook\/wp-content\/uploads\/2020\/09\/logo-frozen-ocean.svg","width":980,"height":150,"caption":"Frozen Ocean"},{"@type":"BreadcrumbList","@id":"https:\/\/frozenoceanfeeds.com\/newlook\/es\/distribuidores\/#breadcrumb","itemListElement":[{"@type":"ListItem","position":1,"name":"Portada","item":"https:\/\/frozenoceanfeeds.com\/newlook\/"},{"@type":"ListItem","position":2,"name":"Distribuidores"}]},{"@type":"WebSite","@id":"https:\/\/frozenoceanfeeds.com\/newlook\/#website","url":"https:\/\/frozenoceanfeeds.com\/newlook\/","name":"Frozen Ocean Feeds","description":"","publisher":{"@id":"https:\/\/frozenoceanfeeds.com\/newlook\/#organization"},"potentialAction":[{"@type":"SearchAction","target":{"@type":"EntryPoint","urlTemplate":"https:\/\/frozenoceanfeeds.com\/newlook\/?s={search_term_string}"},"query-input":{"@type":"PropertyValueSpecification","valueRequired":true,"valueName":"search_term_string"}}],"inLanguage":"en-US"},{"@type":"Organization","@id":"https:\/\/frozenoceanfeeds.com\/newlook\/#organization","name":"Frozen Ocean Feeds","url":"https:\/\/frozenoceanfeeds.com\/newlook\/","logo":{"@type":"ImageObject","inLanguage":"en-US","@id":"https:\/\/frozenoceanfeeds.com\/newlook\/#\/schema\/logo\/image\/","url":"https:\/\/frozenoceanfeeds.com\/newlook\/wp-content\/uploads\/2020\/09\/logo-frozen-ocean.svg","contentUrl":"https:\/\/frozenoceanfeeds.com\/newlook\/wp-content\/uploads\/2020\/09\/logo-frozen-ocean.svg","width":980,"height":150,"caption":"Frozen Ocean Feeds"},"image":{"@id":"https:\/\/frozenoceanfeeds.com\/newlook\/#\/schema\/logo\/image\/"},"sameAs":["https:\/\/www.facebook.com\/MegasupplyEs\/","https:\/\/www.instagram.com\/megasupply_\/"]}]}},"_links":{"self":[{"href":"https:\/\/frozenoceanfeeds.com\/newlook\/wp-json\/wp\/v2\/pages\/1686","targetHints":{"allow":["GET"]}}],"collection":[{"href":"https:\/\/frozenoceanfeeds.com\/newlook\/wp-json\/wp\/v2\/pages"}],"about":[{"href":"https:\/\/frozenoceanfeeds.com\/newlook\/wp-json\/wp\/v2\/types\/page"}],"author":[{"embeddable":true,"href":"https:\/\/frozenoceanfeeds.com\/newlook\/wp-json\/wp\/v2\/users\/5"}],"replies":[{"embeddable":true,"href":"https:\/\/frozenoceanfeeds.com\/newlook\/wp-json\/wp\/v2\/comments?post=1686"}],"version-history":[{"count":5,"href":"https:\/\/frozenoceanfeeds.com\/newlook\/wp-json\/wp\/v2\/pages\/1686\/revisions"}],"predecessor-version":[{"id":3435,"href":"https:\/\/frozenoceanfeeds.com\/newlook\/wp-json\/wp\/v2\/pages\/1686\/revisions\/3435"}],"wp:attachment":[{"href":"https:\/\/frozenoceanfeeds.com\/newlook\/wp-json\/wp\/v2\/media?parent=1686"}],"curies":[{"name":"wp","href":"https:\/\/api.w.org\/{rel}","templated":true}]}}